{"id":13,"date":"2021-04-26T23:18:14","date_gmt":"2021-04-26T21:18:14","guid":{"rendered":"https:\/\/ardbegembassy.se\/\/?page_id=13"},"modified":"2026-02-01T00:14:04","modified_gmt":"2026-01-31T23:14:04","slug":"middag","status":"publish","type":"page","link":"https:\/\/ardbegembassy.se\/en\/meny\/middag\/","title":{"rendered":"Dinner"},"content":{"rendered":"","protected":false},"excerpt":{"rendered":"","protected":false},"author":1,"featured_media":0,"parent":11,"menu_order":2,"comment_status":"closed","ping_status":"closed","template":"","meta":{"_acf_changed":false,"footnotes":""},"class_list":["post-13","page","type-page","status-publish","hentry"],"acf":[],"yoast_head":"<!-- This site is optimized with the Yoast SEO plugin v27.4 - https:\/\/yoast.com\/product\/yoast-seo-wordpress\/ -->\n<title>Middag i Gamla Stan p\u00e5 Ardbeg Embassy i Stockholm<\/title>\n<meta name=\"description\" content=\"V\u00e5r viltinspirerade meny bjuder p\u00e5 v\u00e4llagad god mat med en egen touch. H\u00e4r finns allt fr\u00e5n \u00e4lgk\u00f6tt, renk\u00f6tt och hjort till Svensk husmanskost.\" \/>\n<meta name=\"robots\" content=\"index, follow, max-snippet:-1, max-image-preview:large, max-video-preview:-1\" \/>\n<link rel=\"canonical\" href=\"https:\/\/ardbegembassy.se\/en\/meny\/middag\/\" \/>\n<meta property=\"og:locale\" content=\"en_GB\" \/>\n<meta property=\"og:type\" content=\"article\" \/>\n<meta property=\"og:title\" content=\"Middag i Gamla Stan p\u00e5 Ardbeg Embassy i Stockholm\" \/>\n<meta property=\"og:description\" content=\"V\u00e5r viltinspirerade meny bjuder p\u00e5 v\u00e4llagad god mat med en egen touch. H\u00e4r finns allt fr\u00e5n \u00e4lgk\u00f6tt, renk\u00f6tt och hjort till Svensk husmanskost.\" \/>\n<meta property=\"og:url\" content=\"https:\/\/ardbegembassy.se\/en\/meny\/middag\/\" \/>\n<meta property=\"og:site_name\" content=\"Ardbeg Embassy\" \/>\n<meta property=\"article:publisher\" content=\"https:\/\/www.facebook.com\/ardbegembassy\" \/>\n<meta property=\"article:modified_time\" content=\"2026-01-31T23:14:04+00:00\" \/>\n<meta property=\"og:image\" content=\"https:\/\/ardbegembassy.se\/wp-content\/uploads\/2021\/05\/og-image-1200x630-1.png\" \/>\n\t<meta property=\"og:image:width\" content=\"1200\" \/>\n\t<meta property=\"og:image:height\" content=\"630\" \/>\n\t<meta property=\"og:image:type\" content=\"image\/png\" \/>\n<meta name=\"twitter:card\" content=\"summary_large_image\" \/>\n<script type=\"application\/ld+json\" class=\"yoast-schema-graph\">{\"@context\":\"https:\\\/\\\/schema.org\",\"@graph\":[{\"@type\":\"WebPage\",\"@id\":\"https:\\\/\\\/ardbegembassy.se\\\/meny\\\/middag\\\/\",\"url\":\"https:\\\/\\\/ardbegembassy.se\\\/meny\\\/middag\\\/\",\"name\":\"Middag i Gamla Stan p\u00e5 Ardbeg Embassy i Stockholm\",\"isPartOf\":{\"@id\":\"https:\\\/\\\/ardbegembassy.se\\\/#website\"},\"datePublished\":\"2021-04-26T21:18:14+00:00\",\"dateModified\":\"2026-01-31T23:14:04+00:00\",\"description\":\"V\u00e5r viltinspirerade meny bjuder p\u00e5 v\u00e4llagad god mat med en egen touch. H\u00e4r finns allt fr\u00e5n \u00e4lgk\u00f6tt, renk\u00f6tt och hjort till Svensk husmanskost.\",\"breadcrumb\":{\"@id\":\"https:\\\/\\\/ardbegembassy.se\\\/meny\\\/middag\\\/#breadcrumb\"},\"inLanguage\":\"en-GB\",\"potentialAction\":[{\"@type\":\"ReadAction\",\"target\":[\"https:\\\/\\\/ardbegembassy.se\\\/meny\\\/middag\\\/\"]}]},{\"@type\":\"BreadcrumbList\",\"@id\":\"https:\\\/\\\/ardbegembassy.se\\\/meny\\\/middag\\\/#breadcrumb\",\"itemListElement\":[{\"@type\":\"ListItem\",\"position\":1,\"name\":\"Hem\",\"item\":\"https:\\\/\\\/ardbegembassy.se\\\/\"},{\"@type\":\"ListItem\",\"position\":2,\"name\":\"V\u00e5ra menyer\",\"item\":\"https:\\\/\\\/ardbegembassy.se\\\/meny\\\/\"},{\"@type\":\"ListItem\",\"position\":3,\"name\":\"Middag\"}]},{\"@type\":\"WebSite\",\"@id\":\"https:\\\/\\\/ardbegembassy.se\\\/#website\",\"url\":\"https:\\\/\\\/ardbegembassy.se\\\/\",\"name\":\"Ardbeg Embassy\",\"description\":\"Restaurang i Gamla Stan i Stockholm\",\"publisher\":{\"@id\":\"https:\\\/\\\/ardbegembassy.se\\\/#organization\"},\"potentialAction\":[{\"@type\":\"SearchAction\",\"target\":{\"@type\":\"EntryPoint\",\"urlTemplate\":\"https:\\\/\\\/ardbegembassy.se\\\/?s={search_term_string}\"},\"query-input\":{\"@type\":\"PropertyValueSpecification\",\"valueRequired\":true,\"valueName\":\"search_term_string\"}}],\"inLanguage\":\"en-GB\"},{\"@type\":\"Organization\",\"@id\":\"https:\\\/\\\/ardbegembassy.se\\\/#organization\",\"name\":\"Ardbeg Embassy\",\"url\":\"https:\\\/\\\/ardbegembassy.se\\\/\",\"logo\":{\"@type\":\"ImageObject\",\"inLanguage\":\"en-GB\",\"@id\":\"https:\\\/\\\/ardbegembassy.se\\\/#\\\/schema\\\/logo\\\/image\\\/\",\"url\":\"https:\\\/\\\/ardbegembassy.se\\\/wp-content\\\/uploads\\\/2021\\\/05\\\/og-image-1200x630-1.png\",\"contentUrl\":\"https:\\\/\\\/ardbegembassy.se\\\/wp-content\\\/uploads\\\/2021\\\/05\\\/og-image-1200x630-1.png\",\"width\":1200,\"height\":630,\"caption\":\"Ardbeg Embassy\"},\"image\":{\"@id\":\"https:\\\/\\\/ardbegembassy.se\\\/#\\\/schema\\\/logo\\\/image\\\/\"},\"sameAs\":[\"https:\\\/\\\/www.facebook.com\\\/ardbegembassy\",\"https:\\\/\\\/www.instagram.com\\\/ardbegembassy\\\/\"]}]}<\/script>\n<!-- \/ Yoast SEO plugin. -->","yoast_head_json":{"title":"Middag i Gamla Stan p\u00e5 Ardbeg Embassy i Stockholm","description":"V\u00e5r viltinspirerade meny bjuder p\u00e5 v\u00e4llagad god mat med en egen touch. H\u00e4r finns allt fr\u00e5n \u00e4lgk\u00f6tt, renk\u00f6tt och hjort till Svensk husmanskost.","robots":{"index":"index","follow":"follow","max-snippet":"max-snippet:-1","max-image-preview":"max-image-preview:large","max-video-preview":"max-video-preview:-1"},"canonical":"https:\/\/ardbegembassy.se\/en\/meny\/middag\/","og_locale":"en_GB","og_type":"article","og_title":"Middag i Gamla Stan p\u00e5 Ardbeg Embassy i Stockholm","og_description":"V\u00e5r viltinspirerade meny bjuder p\u00e5 v\u00e4llagad god mat med en egen touch. H\u00e4r finns allt fr\u00e5n \u00e4lgk\u00f6tt, renk\u00f6tt och hjort till Svensk husmanskost.","og_url":"https:\/\/ardbegembassy.se\/en\/meny\/middag\/","og_site_name":"Ardbeg Embassy","article_publisher":"https:\/\/www.facebook.com\/ardbegembassy","article_modified_time":"2026-01-31T23:14:04+00:00","og_image":[{"width":1200,"height":630,"url":"https:\/\/ardbegembassy.se\/wp-content\/uploads\/2021\/05\/og-image-1200x630-1.png","type":"image\/png"}],"twitter_card":"summary_large_image","schema":{"@context":"https:\/\/schema.org","@graph":[{"@type":"WebPage","@id":"https:\/\/ardbegembassy.se\/meny\/middag\/","url":"https:\/\/ardbegembassy.se\/meny\/middag\/","name":"Middag i Gamla Stan p\u00e5 Ardbeg Embassy i Stockholm","isPartOf":{"@id":"https:\/\/ardbegembassy.se\/#website"},"datePublished":"2021-04-26T21:18:14+00:00","dateModified":"2026-01-31T23:14:04+00:00","description":"V\u00e5r viltinspirerade meny bjuder p\u00e5 v\u00e4llagad god mat med en egen touch. H\u00e4r finns allt fr\u00e5n \u00e4lgk\u00f6tt, renk\u00f6tt och hjort till Svensk husmanskost.","breadcrumb":{"@id":"https:\/\/ardbegembassy.se\/meny\/middag\/#breadcrumb"},"inLanguage":"en-GB","potentialAction":[{"@type":"ReadAction","target":["https:\/\/ardbegembassy.se\/meny\/middag\/"]}]},{"@type":"BreadcrumbList","@id":"https:\/\/ardbegembassy.se\/meny\/middag\/#breadcrumb","itemListElement":[{"@type":"ListItem","position":1,"name":"Hem","item":"https:\/\/ardbegembassy.se\/"},{"@type":"ListItem","position":2,"name":"V\u00e5ra menyer","item":"https:\/\/ardbegembassy.se\/meny\/"},{"@type":"ListItem","position":3,"name":"Middag"}]},{"@type":"WebSite","@id":"https:\/\/ardbegembassy.se\/#website","url":"https:\/\/ardbegembassy.se\/","name":"Ardbeg Embassy","description":"Restaurant in the Old Town of Stockholm","publisher":{"@id":"https:\/\/ardbegembassy.se\/#organization"},"potentialAction":[{"@type":"SearchAction","target":{"@type":"EntryPoint","urlTemplate":"https:\/\/ardbegembassy.se\/?s={search_term_string}"},"query-input":{"@type":"PropertyValueSpecification","valueRequired":true,"valueName":"search_term_string"}}],"inLanguage":"en-GB"},{"@type":"Organization","@id":"https:\/\/ardbegembassy.se\/#organization","name":"Ardbeg Embassy","url":"https:\/\/ardbegembassy.se\/","logo":{"@type":"ImageObject","inLanguage":"en-GB","@id":"https:\/\/ardbegembassy.se\/#\/schema\/logo\/image\/","url":"https:\/\/ardbegembassy.se\/wp-content\/uploads\/2021\/05\/og-image-1200x630-1.png","contentUrl":"https:\/\/ardbegembassy.se\/wp-content\/uploads\/2021\/05\/og-image-1200x630-1.png","width":1200,"height":630,"caption":"Ardbeg Embassy"},"image":{"@id":"https:\/\/ardbegembassy.se\/#\/schema\/logo\/image\/"},"sameAs":["https:\/\/www.facebook.com\/ardbegembassy","https:\/\/www.instagram.com\/ardbegembassy\/"]}]}},"_links":{"self":[{"href":"https:\/\/ardbegembassy.se\/en\/wp-json\/wp\/v2\/pages\/13","targetHints":{"allow":["GET"]}}],"collection":[{"href":"https:\/\/ardbegembassy.se\/en\/wp-json\/wp\/v2\/pages"}],"about":[{"href":"https:\/\/ardbegembassy.se\/en\/wp-json\/wp\/v2\/types\/page"}],"author":[{"embeddable":true,"href":"https:\/\/ardbegembassy.se\/en\/wp-json\/wp\/v2\/users\/1"}],"replies":[{"embeddable":true,"href":"https:\/\/ardbegembassy.se\/en\/wp-json\/wp\/v2\/comments?post=13"}],"version-history":[{"count":0,"href":"https:\/\/ardbegembassy.se\/en\/wp-json\/wp\/v2\/pages\/13\/revisions"}],"up":[{"embeddable":true,"href":"https:\/\/ardbegembassy.se\/en\/wp-json\/wp\/v2\/pages\/11"}],"wp:attachment":[{"href":"https:\/\/ardbegembassy.se\/en\/wp-json\/wp\/v2\/media?parent=13"}],"curies":[{"name":"wp","href":"https:\/\/api.w.org\/{rel}","templated":true}]}}