{"id":15,"date":"2021-04-26T23:18:46","date_gmt":"2021-04-26T21:18:46","guid":{"rendered":"https:\/\/ardbegembassy.se\/\/?page_id=15"},"modified":"2026-01-18T14:15:22","modified_gmt":"2026-01-18T13:15:22","slug":"whiskylista","status":"publish","type":"page","link":"https:\/\/ardbegembassy.se\/en\/meny\/whiskylista\/","title":{"rendered":"Whiskey list"},"content":{"rendered":"","protected":false},"excerpt":{"rendered":"","protected":false},"author":1,"featured_media":0,"parent":11,"menu_order":5,"comment_status":"closed","ping_status":"closed","template":"template-parts\/page-whiskylista.php","meta":{"_acf_changed":false,"footnotes":""},"class_list":["post-15","page","type-page","status-publish","hentry"],"acf":[],"yoast_head":"<!-- This site is optimized with the Yoast SEO plugin v27.4 - https:\/\/yoast.com\/product\/yoast-seo-wordpress\/ -->\n<title>\u00d6ver 500 whiskysorter fr\u00e5n hela v\u00e4rlden - Ardbeg Embassy<\/title>\n<meta name=\"description\" content=\"\u00c4r du en whisky\u00e4lskare? D\u00e5 kommer du stortrivas hos oss. V\u00e5rt utbud av whisky \u00e4r erk\u00e4nt stort, h\u00e4r hittar du allt fr\u00e5n skotsk till japansk whisky.\" \/>\n<meta name=\"robots\" content=\"index, follow, max-snippet:-1, max-image-preview:large, max-video-preview:-1\" \/>\n<link rel=\"canonical\" href=\"https:\/\/ardbegembassy.se\/en\/meny\/whiskylista\/\" \/>\n<meta property=\"og:locale\" content=\"en_GB\" \/>\n<meta property=\"og:type\" content=\"article\" \/>\n<meta property=\"og:title\" content=\"\u00d6ver 500 whiskysorter fr\u00e5n hela v\u00e4rlden - Ardbeg Embassy\" \/>\n<meta property=\"og:description\" content=\"\u00c4r du en whisky\u00e4lskare? D\u00e5 kommer du stortrivas hos oss. V\u00e5rt utbud av whisky \u00e4r erk\u00e4nt stort, h\u00e4r hittar du allt fr\u00e5n skotsk till japansk whisky.\" \/>\n<meta property=\"og:url\" content=\"https:\/\/ardbegembassy.se\/en\/meny\/whiskylista\/\" \/>\n<meta property=\"og:site_name\" content=\"Ardbeg Embassy\" \/>\n<meta property=\"article:publisher\" content=\"https:\/\/www.facebook.com\/ardbegembassy\" \/>\n<meta property=\"article:modified_time\" content=\"2026-01-18T13:15:22+00:00\" \/>\n<meta property=\"og:image\" content=\"https:\/\/ardbegembassy.se\/wp-content\/uploads\/2021\/05\/og-image-1200x630-1.png\" \/>\n\t<meta property=\"og:image:width\" content=\"1200\" \/>\n\t<meta property=\"og:image:height\" content=\"630\" \/>\n\t<meta property=\"og:image:type\" content=\"image\/png\" \/>\n<meta name=\"twitter:card\" content=\"summary_large_image\" \/>\n<script type=\"application\/ld+json\" class=\"yoast-schema-graph\">{\"@context\":\"https:\\\/\\\/schema.org\",\"@graph\":[{\"@type\":\"WebPage\",\"@id\":\"https:\\\/\\\/ardbegembassy.se\\\/meny\\\/whiskylista\\\/\",\"url\":\"https:\\\/\\\/ardbegembassy.se\\\/meny\\\/whiskylista\\\/\",\"name\":\"\u00d6ver 500 whiskysorter fr\u00e5n hela v\u00e4rlden - Ardbeg Embassy\",\"isPartOf\":{\"@id\":\"https:\\\/\\\/ardbegembassy.se\\\/#website\"},\"datePublished\":\"2021-04-26T21:18:46+00:00\",\"dateModified\":\"2026-01-18T13:15:22+00:00\",\"description\":\"\u00c4r du en whisky\u00e4lskare? D\u00e5 kommer du stortrivas hos oss. V\u00e5rt utbud av whisky \u00e4r erk\u00e4nt stort, h\u00e4r hittar du allt fr\u00e5n skotsk till japansk whisky.\",\"breadcrumb\":{\"@id\":\"https:\\\/\\\/ardbegembassy.se\\\/meny\\\/whiskylista\\\/#breadcrumb\"},\"inLanguage\":\"en-GB\",\"potentialAction\":[{\"@type\":\"ReadAction\",\"target\":[\"https:\\\/\\\/ardbegembassy.se\\\/meny\\\/whiskylista\\\/\"]}]},{\"@type\":\"BreadcrumbList\",\"@id\":\"https:\\\/\\\/ardbegembassy.se\\\/meny\\\/whiskylista\\\/#breadcrumb\",\"itemListElement\":[{\"@type\":\"ListItem\",\"position\":1,\"name\":\"Hem\",\"item\":\"https:\\\/\\\/ardbegembassy.se\\\/\"},{\"@type\":\"ListItem\",\"position\":2,\"name\":\"V\u00e5ra menyer\",\"item\":\"https:\\\/\\\/ardbegembassy.se\\\/meny\\\/\"},{\"@type\":\"ListItem\",\"position\":3,\"name\":\"Whiskylista\"}]},{\"@type\":\"WebSite\",\"@id\":\"https:\\\/\\\/ardbegembassy.se\\\/#website\",\"url\":\"https:\\\/\\\/ardbegembassy.se\\\/\",\"name\":\"Ardbeg Embassy\",\"description\":\"Restaurang i Gamla Stan i Stockholm\",\"publisher\":{\"@id\":\"https:\\\/\\\/ardbegembassy.se\\\/#organization\"},\"potentialAction\":[{\"@type\":\"SearchAction\",\"target\":{\"@type\":\"EntryPoint\",\"urlTemplate\":\"https:\\\/\\\/ardbegembassy.se\\\/?s={search_term_string}\"},\"query-input\":{\"@type\":\"PropertyValueSpecification\",\"valueRequired\":true,\"valueName\":\"search_term_string\"}}],\"inLanguage\":\"en-GB\"},{\"@type\":\"Organization\",\"@id\":\"https:\\\/\\\/ardbegembassy.se\\\/#organization\",\"name\":\"Ardbeg Embassy\",\"url\":\"https:\\\/\\\/ardbegembassy.se\\\/\",\"logo\":{\"@type\":\"ImageObject\",\"inLanguage\":\"en-GB\",\"@id\":\"https:\\\/\\\/ardbegembassy.se\\\/#\\\/schema\\\/logo\\\/image\\\/\",\"url\":\"https:\\\/\\\/ardbegembassy.se\\\/wp-content\\\/uploads\\\/2021\\\/05\\\/og-image-1200x630-1.png\",\"contentUrl\":\"https:\\\/\\\/ardbegembassy.se\\\/wp-content\\\/uploads\\\/2021\\\/05\\\/og-image-1200x630-1.png\",\"width\":1200,\"height\":630,\"caption\":\"Ardbeg Embassy\"},\"image\":{\"@id\":\"https:\\\/\\\/ardbegembassy.se\\\/#\\\/schema\\\/logo\\\/image\\\/\"},\"sameAs\":[\"https:\\\/\\\/www.facebook.com\\\/ardbegembassy\",\"https:\\\/\\\/www.instagram.com\\\/ardbegembassy\\\/\"]}]}<\/script>\n<!-- \/ Yoast SEO plugin. -->","yoast_head_json":{"title":"\u00d6ver 500 whiskysorter fr\u00e5n hela v\u00e4rlden - Ardbeg Embassy","description":"\u00c4r du en whisky\u00e4lskare? D\u00e5 kommer du stortrivas hos oss. V\u00e5rt utbud av whisky \u00e4r erk\u00e4nt stort, h\u00e4r hittar du allt fr\u00e5n skotsk till japansk whisky.","robots":{"index":"index","follow":"follow","max-snippet":"max-snippet:-1","max-image-preview":"max-image-preview:large","max-video-preview":"max-video-preview:-1"},"canonical":"https:\/\/ardbegembassy.se\/en\/meny\/whiskylista\/","og_locale":"en_GB","og_type":"article","og_title":"\u00d6ver 500 whiskysorter fr\u00e5n hela v\u00e4rlden - Ardbeg Embassy","og_description":"\u00c4r du en whisky\u00e4lskare? D\u00e5 kommer du stortrivas hos oss. V\u00e5rt utbud av whisky \u00e4r erk\u00e4nt stort, h\u00e4r hittar du allt fr\u00e5n skotsk till japansk whisky.","og_url":"https:\/\/ardbegembassy.se\/en\/meny\/whiskylista\/","og_site_name":"Ardbeg Embassy","article_publisher":"https:\/\/www.facebook.com\/ardbegembassy","article_modified_time":"2026-01-18T13:15:22+00:00","og_image":[{"width":1200,"height":630,"url":"https:\/\/ardbegembassy.se\/wp-content\/uploads\/2021\/05\/og-image-1200x630-1.png","type":"image\/png"}],"twitter_card":"summary_large_image","schema":{"@context":"https:\/\/schema.org","@graph":[{"@type":"WebPage","@id":"https:\/\/ardbegembassy.se\/meny\/whiskylista\/","url":"https:\/\/ardbegembassy.se\/meny\/whiskylista\/","name":"\u00d6ver 500 whiskysorter fr\u00e5n hela v\u00e4rlden - Ardbeg Embassy","isPartOf":{"@id":"https:\/\/ardbegembassy.se\/#website"},"datePublished":"2021-04-26T21:18:46+00:00","dateModified":"2026-01-18T13:15:22+00:00","description":"\u00c4r du en whisky\u00e4lskare? D\u00e5 kommer du stortrivas hos oss. V\u00e5rt utbud av whisky \u00e4r erk\u00e4nt stort, h\u00e4r hittar du allt fr\u00e5n skotsk till japansk whisky.","breadcrumb":{"@id":"https:\/\/ardbegembassy.se\/meny\/whiskylista\/#breadcrumb"},"inLanguage":"en-GB","potentialAction":[{"@type":"ReadAction","target":["https:\/\/ardbegembassy.se\/meny\/whiskylista\/"]}]},{"@type":"BreadcrumbList","@id":"https:\/\/ardbegembassy.se\/meny\/whiskylista\/#breadcrumb","itemListElement":[{"@type":"ListItem","position":1,"name":"Hem","item":"https:\/\/ardbegembassy.se\/"},{"@type":"ListItem","position":2,"name":"V\u00e5ra menyer","item":"https:\/\/ardbegembassy.se\/meny\/"},{"@type":"ListItem","position":3,"name":"Whiskylista"}]},{"@type":"WebSite","@id":"https:\/\/ardbegembassy.se\/#website","url":"https:\/\/ardbegembassy.se\/","name":"Ardbeg Embassy","description":"Restaurant in the Old Town of Stockholm","publisher":{"@id":"https:\/\/ardbegembassy.se\/#organization"},"potentialAction":[{"@type":"SearchAction","target":{"@type":"EntryPoint","urlTemplate":"https:\/\/ardbegembassy.se\/?s={search_term_string}"},"query-input":{"@type":"PropertyValueSpecification","valueRequired":true,"valueName":"search_term_string"}}],"inLanguage":"en-GB"},{"@type":"Organization","@id":"https:\/\/ardbegembassy.se\/#organization","name":"Ardbeg Embassy","url":"https:\/\/ardbegembassy.se\/","logo":{"@type":"ImageObject","inLanguage":"en-GB","@id":"https:\/\/ardbegembassy.se\/#\/schema\/logo\/image\/","url":"https:\/\/ardbegembassy.se\/wp-content\/uploads\/2021\/05\/og-image-1200x630-1.png","contentUrl":"https:\/\/ardbegembassy.se\/wp-content\/uploads\/2021\/05\/og-image-1200x630-1.png","width":1200,"height":630,"caption":"Ardbeg Embassy"},"image":{"@id":"https:\/\/ardbegembassy.se\/#\/schema\/logo\/image\/"},"sameAs":["https:\/\/www.facebook.com\/ardbegembassy","https:\/\/www.instagram.com\/ardbegembassy\/"]}]}},"_links":{"self":[{"href":"https:\/\/ardbegembassy.se\/en\/wp-json\/wp\/v2\/pages\/15","targetHints":{"allow":["GET"]}}],"collection":[{"href":"https:\/\/ardbegembassy.se\/en\/wp-json\/wp\/v2\/pages"}],"about":[{"href":"https:\/\/ardbegembassy.se\/en\/wp-json\/wp\/v2\/types\/page"}],"author":[{"embeddable":true,"href":"https:\/\/ardbegembassy.se\/en\/wp-json\/wp\/v2\/users\/1"}],"replies":[{"embeddable":true,"href":"https:\/\/ardbegembassy.se\/en\/wp-json\/wp\/v2\/comments?post=15"}],"version-history":[{"count":0,"href":"https:\/\/ardbegembassy.se\/en\/wp-json\/wp\/v2\/pages\/15\/revisions"}],"up":[{"embeddable":true,"href":"https:\/\/ardbegembassy.se\/en\/wp-json\/wp\/v2\/pages\/11"}],"wp:attachment":[{"href":"https:\/\/ardbegembassy.se\/en\/wp-json\/wp\/v2\/media?parent=15"}],"curies":[{"name":"wp","href":"https:\/\/api.w.org\/{rel}","templated":true}]}}