{"id":2579,"date":"2026-03-24T04:25:31","date_gmt":"2026-03-24T03:25:31","guid":{"rendered":"https:\/\/ardbegembassy.se\/?page_id=2579"},"modified":"2026-04-02T08:55:02","modified_gmt":"2026-04-02T06:55:02","slug":"om-oss-ny","status":"publish","type":"page","link":"https:\/\/ardbegembassy.se\/en\/om-oss-ny\/","title":{"rendered":"About Us"},"content":{"rendered":"\t\t<div data-elementor-type=\"wp-page\" data-elementor-id=\"2579\" class=\"elementor elementor-2579\" data-elementor-post-type=\"page\">\n\t\t\t\t<div class=\"elementor-element elementor-element-6b7cc e-con-full e-flex e-con e-parent\" data-id=\"6b7cc\" data-element_type=\"container\" data-e-type=\"container\">\n\t\t<div class=\"elementor-element elementor-element-4e3e48c7 e-con-full e-flex e-con e-child\" data-id=\"4e3e48c7\" data-element_type=\"container\" data-e-type=\"container\">\n\t\t\t\t<div class=\"elementor-element elementor-element-2288b67c elementor-widget elementor-widget-heading\" data-id=\"2288b67c\" data-element_type=\"widget\" data-e-type=\"widget\" data-settings=\"{&quot;sticky&quot;:&quot;top&quot;,&quot;sticky_parent&quot;:&quot;yes&quot;,&quot;sticky_on&quot;:[&quot;desktop&quot;,&quot;tablet&quot;,&quot;mobile&quot;],&quot;sticky_offset&quot;:0,&quot;sticky_effects_offset&quot;:0,&quot;sticky_anchor_link_offset&quot;:0}\" data-widget_type=\"heading.default\">\n\t\t\t\t\t<h1 class=\"elementor-heading-title elementor-size-default\">Om Oss<\/h1>\t\t\t\t<\/div>\n\t\t<div class=\"elementor-element elementor-element-124c50cf e-con-full e-flex e-con e-child\" data-id=\"124c50cf\" data-element_type=\"container\" data-e-type=\"container\">\n\t\t\t\t<\/div>\n\t\t\t\t<\/div>\n\t\t\t\t<\/div>\n\t\t<div class=\"elementor-element elementor-element-4f8d35cb e-flex e-con-boxed e-con e-parent\" data-id=\"4f8d35cb\" data-element_type=\"container\" data-e-type=\"container\">\n\t\t\t\t\t<div class=\"e-con-inner\">\n\t\t\t\t<div class=\"elementor-element elementor-element-7f580a9d elementor-widget elementor-widget-heading\" data-id=\"7f580a9d\" data-element_type=\"widget\" data-e-type=\"widget\" data-widget_type=\"heading.default\">\n\t\t\t\t\t<h5 class=\"elementor-heading-title elementor-size-default\">Our story<\/h5>\t\t\t\t<\/div>\n\t\t\t\t<div class=\"elementor-element elementor-element-7913b5a8 elementor-widget elementor-widget-heading\" data-id=\"7913b5a8\" data-element_type=\"widget\" data-e-type=\"widget\" data-widget_type=\"heading.default\">\n\t\t\t\t\t<h2 class=\"elementor-heading-title elementor-size-default\">Erk\u00e4nt stort whisky \n och \u00f6lsortiment<\/h2>\t\t\t\t<\/div>\n\t\t\t\t<div class=\"elementor-element elementor-element-65e529aa elementor-widget-divider--view-line elementor-widget elementor-widget-divider\" data-id=\"65e529aa\" data-element_type=\"widget\" data-e-type=\"widget\" data-widget_type=\"divider.default\">\n\t\t\t\t\t\t\t<div class=\"elementor-divider\">\n\t\t\t<span class=\"elementor-divider-separator\">\n\t\t\t\t\t\t<\/span>\n\t\t<\/div>\n\t\t\t\t\t\t<\/div>\n\t\t\t\t<div class=\"elementor-element elementor-element-4da340cc elementor-widget elementor-widget-text-editor\" data-id=\"4da340cc\" data-element_type=\"widget\" data-e-type=\"widget\" data-widget_type=\"text-editor.default\">\n\t\t\t\t\t\t\t\t\t<p>Om du gillar whisky eller \u00f6l har du verkligen hittat r\u00e4tt. Vi \u00e4r k\u00e4nda f\u00f6r v\u00e5rt stora utbud av b\u00e5de whisky och \u00f6l. H\u00e4r kan du bland annat v\u00e4lja bland 16 Svenska microbrygder p\u00e5 fat och ca 500 olika single malts, eller varf\u00f6r inte bli serverad en <br \/>\u201dDram straight from theCask\u201d som \u00e4r helt unikt i v\u00e4rlden.<\/p><p>\u201dInredningen i v\u00e5r restaurang \u00e4r omsorgsfullt utformad f\u00f6r att ge ett utrymme <br \/>d\u00e4r g\u00e4sterna kan koppla av, skapa minnen och dela magiska stunder\u201d<\/p>\t\t\t\t\t\t\t\t<\/div>\n\t\t\t\t<div class=\"elementor-element elementor-element-2820411 elementor-widget elementor-widget-video\" data-id=\"2820411\" data-element_type=\"widget\" data-e-type=\"widget\" data-settings=\"{&quot;show_image_overlay&quot;:&quot;yes&quot;,&quot;image_overlay&quot;:{&quot;url&quot;:&quot;&quot;,&quot;id&quot;:&quot;&quot;,&quot;size&quot;:&quot;&quot;},&quot;video_type&quot;:&quot;hosted&quot;,&quot;autoplay&quot;:&quot;yes&quot;,&quot;mute&quot;:&quot;yes&quot;,&quot;play_on_mobile&quot;:&quot;yes&quot;,&quot;loop&quot;:&quot;yes&quot;}\" data-widget_type=\"video.default\">\n\t\t\t\t\t\t\t<div class=\"e-hosted-video elementor-wrapper elementor-open-inline\">\n\t\t\t\t\t<video class=\"elementor-video\" src=\"https:\/\/ardbegembassy.se\/wp-content\/uploads\/2026\/03\/04_Drink-1.webm\" autoplay=\"\" loop=\"\" muted=\"muted\" playsinline=\"\" controlsList=\"nodownload\"><\/video>\n\t\t\t\t<\/div>\n\t\t\t\t\t\t<\/div>\n\t\t\t\t\t<\/div>\n\t\t\t\t<\/div>\n\t\t<div class=\"elementor-element elementor-element-45d29213 e-flex e-con-boxed e-con e-parent\" data-id=\"45d29213\" data-element_type=\"container\" data-e-type=\"container\">\n\t\t\t\t\t<div class=\"e-con-inner\">\n\t\t\t\t<div class=\"elementor-element elementor-element-377954e0 elementor-widget-divider--view-line_icon elementor-view-default elementor-widget-divider--element-align-center elementor-widget elementor-widget-divider\" data-id=\"377954e0\" data-element_type=\"widget\" data-e-type=\"widget\" data-widget_type=\"divider.default\">\n\t\t\t\t\t\t\t<div class=\"elementor-divider\">\n\t\t\t<span class=\"elementor-divider-separator\">\n\t\t\t\t\t\t\t<div class=\"elementor-icon elementor-divider__element\">\n\t\t\t\t\t<\/div>\n\t\t\t\t\t\t<\/span>\n\t\t<\/div>\n\t\t\t\t\t\t<\/div>\n\t\t\t\t\t<\/div>\n\t\t\t\t<\/div>\n\t\t<div class=\"elementor-element elementor-element-5a2814f1 e-flex e-con-boxed e-con e-parent\" data-id=\"5a2814f1\" data-element_type=\"container\" data-e-type=\"container\">\n\t\t\t\t\t<div class=\"e-con-inner\">\n\t\t\t\t<div class=\"elementor-element elementor-element-5e3a281b elementor-widget elementor-widget-html\" data-id=\"5e3a281b\" data-element_type=\"widget\" data-e-type=\"widget\" data-widget_type=\"html.default\">\n\t\t\t\t\t<iframe \n  src=\"https:\/\/www.google.com\/maps\/embed?pb=!4v1710921896554!6m8!1m7!1sCAoSLEFGMVFpcE1QNWhqcjhkQkd0X2pUd01MeGQ5Q2lBTk41TmZGaWdsM3hLY2Qt!2m2!1d59.323215490418!2d18.072004697767!3f240.79!4f0.7199999999999989!5f0.4000000000000002\" \n  width=\"100%\" \n  height=\"500\" \n  style=\"border:0; border-radius: 12px; box-shadow: 0 4px 20px rgba(0,0,0,0.1 );\" \n  allowfullscreen=\"\" \n  loading=\"lazy\">\n<\/iframe>\n\t\t\t\t<\/div>\n\t\t\t\t\t<\/div>\n\t\t\t\t<\/div>\n\t\t\t\t<\/div>\n\t\t","protected":false},"excerpt":{"rendered":"<p>Om Oss Our story Erk\u00e4nt stort whisky och \u00f6lsortiment Om du gillar whisky eller \u00f6l har du verkligen hittat r\u00e4tt. Vi \u00e4r k\u00e4nda f\u00f6r v\u00e5rt stora utbud av b\u00e5de whisky och \u00f6l. H\u00e4r kan du bland annat v\u00e4lja bland 16 Svenska microbrygder p\u00e5 fat och ca 500 olika single malts, eller varf\u00f6r inte bli serverad [&hellip;]<\/p>\n","protected":false},"author":2,"featured_media":0,"parent":0,"menu_order":0,"comment_status":"closed","ping_status":"closed","template":"elementor_header_footer","meta":{"_acf_changed":false,"footnotes":""},"class_list":["post-2579","page","type-page","status-publish","hentry"],"acf":[],"yoast_head":"<!-- This site is optimized with the Yoast SEO plugin v27.4 - https:\/\/yoast.com\/product\/yoast-seo-wordpress\/ -->\n<title>Restaurang f\u00f6r stora s\u00e4llskap i Stockholm | Ardbeg Embassy<\/title>\n<meta name=\"description\" content=\"Planerar du en middag f\u00f6r en st\u00f6rre grupp? Ardbeg Embassy \u00e4r den perfekta restaurangen f\u00f6r stora s\u00e4llskap i Stockholm.\" \/>\n<meta name=\"robots\" content=\"index, follow, max-snippet:-1, max-image-preview:large, max-video-preview:-1\" \/>\n<link rel=\"canonical\" href=\"https:\/\/ardbegembassy.se\/en\/om-oss-ny\/\" \/>\n<meta property=\"og:locale\" content=\"en_GB\" \/>\n<meta property=\"og:type\" content=\"article\" \/>\n<meta property=\"og:title\" content=\"Restaurang f\u00f6r stora s\u00e4llskap i Stockholm | Ardbeg Embassy\" \/>\n<meta property=\"og:description\" content=\"Planerar du en middag f\u00f6r en st\u00f6rre grupp? Ardbeg Embassy \u00e4r den perfekta restaurangen f\u00f6r stora s\u00e4llskap i Stockholm.\" \/>\n<meta property=\"og:url\" content=\"https:\/\/ardbegembassy.se\/en\/om-oss-ny\/\" \/>\n<meta property=\"og:site_name\" content=\"Ardbeg Embassy\" \/>\n<meta property=\"article:publisher\" content=\"https:\/\/www.facebook.com\/ardbegembassy\" \/>\n<meta property=\"article:modified_time\" content=\"2026-04-02T06:55:02+00:00\" \/>\n<meta property=\"og:image\" content=\"https:\/\/ardbegembassy.se\/wp-content\/uploads\/2021\/05\/og-image-1200x630-1.png\" \/>\n\t<meta property=\"og:image:width\" content=\"1200\" \/>\n\t<meta property=\"og:image:height\" content=\"630\" \/>\n\t<meta property=\"og:image:type\" content=\"image\/png\" \/>\n<meta name=\"twitter:card\" content=\"summary_large_image\" \/>\n<meta name=\"twitter:label1\" content=\"Estimated reading time\" \/>\n\t<meta name=\"twitter:data1\" content=\"1 minute\" \/>\n<script type=\"application\/ld+json\" class=\"yoast-schema-graph\">{\"@context\":\"https:\\\/\\\/schema.org\",\"@graph\":[{\"@type\":\"WebPage\",\"@id\":\"https:\\\/\\\/ardbegembassy.se\\\/om-oss-ny\\\/\",\"url\":\"https:\\\/\\\/ardbegembassy.se\\\/om-oss-ny\\\/\",\"name\":\"Restaurang f\u00f6r stora s\u00e4llskap i Stockholm | Ardbeg Embassy\",\"isPartOf\":{\"@id\":\"https:\\\/\\\/ardbegembassy.se\\\/#website\"},\"datePublished\":\"2026-03-24T03:25:31+00:00\",\"dateModified\":\"2026-04-02T06:55:02+00:00\",\"description\":\"Planerar du en middag f\u00f6r en st\u00f6rre grupp? Ardbeg Embassy \u00e4r den perfekta restaurangen f\u00f6r stora s\u00e4llskap i Stockholm.\",\"breadcrumb\":{\"@id\":\"https:\\\/\\\/ardbegembassy.se\\\/om-oss-ny\\\/#breadcrumb\"},\"inLanguage\":\"en-GB\",\"potentialAction\":[{\"@type\":\"ReadAction\",\"target\":[\"https:\\\/\\\/ardbegembassy.se\\\/om-oss-ny\\\/\"]}]},{\"@type\":\"BreadcrumbList\",\"@id\":\"https:\\\/\\\/ardbegembassy.se\\\/om-oss-ny\\\/#breadcrumb\",\"itemListElement\":[{\"@type\":\"ListItem\",\"position\":1,\"name\":\"Hem\",\"item\":\"https:\\\/\\\/ardbegembassy.se\\\/\"},{\"@type\":\"ListItem\",\"position\":2,\"name\":\"Om Oss\"}]},{\"@type\":\"WebSite\",\"@id\":\"https:\\\/\\\/ardbegembassy.se\\\/#website\",\"url\":\"https:\\\/\\\/ardbegembassy.se\\\/\",\"name\":\"Ardbeg Embassy\",\"description\":\"Restaurang i Gamla Stan i Stockholm\",\"publisher\":{\"@id\":\"https:\\\/\\\/ardbegembassy.se\\\/#organization\"},\"potentialAction\":[{\"@type\":\"SearchAction\",\"target\":{\"@type\":\"EntryPoint\",\"urlTemplate\":\"https:\\\/\\\/ardbegembassy.se\\\/?s={search_term_string}\"},\"query-input\":{\"@type\":\"PropertyValueSpecification\",\"valueRequired\":true,\"valueName\":\"search_term_string\"}}],\"inLanguage\":\"en-GB\"},{\"@type\":\"Organization\",\"@id\":\"https:\\\/\\\/ardbegembassy.se\\\/#organization\",\"name\":\"Ardbeg Embassy\",\"url\":\"https:\\\/\\\/ardbegembassy.se\\\/\",\"logo\":{\"@type\":\"ImageObject\",\"inLanguage\":\"en-GB\",\"@id\":\"https:\\\/\\\/ardbegembassy.se\\\/#\\\/schema\\\/logo\\\/image\\\/\",\"url\":\"https:\\\/\\\/ardbegembassy.se\\\/wp-content\\\/uploads\\\/2021\\\/05\\\/og-image-1200x630-1.png\",\"contentUrl\":\"https:\\\/\\\/ardbegembassy.se\\\/wp-content\\\/uploads\\\/2021\\\/05\\\/og-image-1200x630-1.png\",\"width\":1200,\"height\":630,\"caption\":\"Ardbeg Embassy\"},\"image\":{\"@id\":\"https:\\\/\\\/ardbegembassy.se\\\/#\\\/schema\\\/logo\\\/image\\\/\"},\"sameAs\":[\"https:\\\/\\\/www.facebook.com\\\/ardbegembassy\",\"https:\\\/\\\/www.instagram.com\\\/ardbegembassy\\\/\"]}]}<\/script>\n<!-- \/ Yoast SEO plugin. -->","yoast_head_json":{"title":"Restaurant for large groups in Stockholm | Ardbeg Embassy","description":"Are you planning a dinner for a larger group? Ardbeg Embassy is the perfect restaurant for large parties in Stockholm.","robots":{"index":"index","follow":"follow","max-snippet":"max-snippet:-1","max-image-preview":"max-image-preview:large","max-video-preview":"max-video-preview:-1"},"canonical":"https:\/\/ardbegembassy.se\/en\/om-oss-ny\/","og_locale":"en_GB","og_type":"article","og_title":"Restaurang f\u00f6r stora s\u00e4llskap i Stockholm | Ardbeg Embassy","og_description":"Planerar du en middag f\u00f6r en st\u00f6rre grupp? Ardbeg Embassy \u00e4r den perfekta restaurangen f\u00f6r stora s\u00e4llskap i Stockholm.","og_url":"https:\/\/ardbegembassy.se\/en\/om-oss-ny\/","og_site_name":"Ardbeg Embassy","article_publisher":"https:\/\/www.facebook.com\/ardbegembassy","article_modified_time":"2026-04-02T06:55:02+00:00","og_image":[{"width":1200,"height":630,"url":"https:\/\/ardbegembassy.se\/wp-content\/uploads\/2021\/05\/og-image-1200x630-1.png","type":"image\/png"}],"twitter_card":"summary_large_image","twitter_misc":{"Estimated reading time":"1 minute"},"schema":{"@context":"https:\/\/schema.org","@graph":[{"@type":"WebPage","@id":"https:\/\/ardbegembassy.se\/om-oss-ny\/","url":"https:\/\/ardbegembassy.se\/om-oss-ny\/","name":"Restaurant for large groups in Stockholm | Ardbeg Embassy","isPartOf":{"@id":"https:\/\/ardbegembassy.se\/#website"},"datePublished":"2026-03-24T03:25:31+00:00","dateModified":"2026-04-02T06:55:02+00:00","description":"Are you planning a dinner for a larger group? Ardbeg Embassy is the perfect restaurant for large parties in Stockholm.","breadcrumb":{"@id":"https:\/\/ardbegembassy.se\/om-oss-ny\/#breadcrumb"},"inLanguage":"en-GB","potentialAction":[{"@type":"ReadAction","target":["https:\/\/ardbegembassy.se\/om-oss-ny\/"]}]},{"@type":"BreadcrumbList","@id":"https:\/\/ardbegembassy.se\/om-oss-ny\/#breadcrumb","itemListElement":[{"@type":"ListItem","position":1,"name":"Hem","item":"https:\/\/ardbegembassy.se\/"},{"@type":"ListItem","position":2,"name":"Om Oss"}]},{"@type":"WebSite","@id":"https:\/\/ardbegembassy.se\/#website","url":"https:\/\/ardbegembassy.se\/","name":"Ardbeg Embassy","description":"Restaurant in the Old Town of Stockholm","publisher":{"@id":"https:\/\/ardbegembassy.se\/#organization"},"potentialAction":[{"@type":"SearchAction","target":{"@type":"EntryPoint","urlTemplate":"https:\/\/ardbegembassy.se\/?s={search_term_string}"},"query-input":{"@type":"PropertyValueSpecification","valueRequired":true,"valueName":"search_term_string"}}],"inLanguage":"en-GB"},{"@type":"Organization","@id":"https:\/\/ardbegembassy.se\/#organization","name":"Ardbeg Embassy","url":"https:\/\/ardbegembassy.se\/","logo":{"@type":"ImageObject","inLanguage":"en-GB","@id":"https:\/\/ardbegembassy.se\/#\/schema\/logo\/image\/","url":"https:\/\/ardbegembassy.se\/wp-content\/uploads\/2021\/05\/og-image-1200x630-1.png","contentUrl":"https:\/\/ardbegembassy.se\/wp-content\/uploads\/2021\/05\/og-image-1200x630-1.png","width":1200,"height":630,"caption":"Ardbeg Embassy"},"image":{"@id":"https:\/\/ardbegembassy.se\/#\/schema\/logo\/image\/"},"sameAs":["https:\/\/www.facebook.com\/ardbegembassy","https:\/\/www.instagram.com\/ardbegembassy\/"]}]}},"_links":{"self":[{"href":"https:\/\/ardbegembassy.se\/en\/wp-json\/wp\/v2\/pages\/2579","targetHints":{"allow":["GET"]}}],"collection":[{"href":"https:\/\/ardbegembassy.se\/en\/wp-json\/wp\/v2\/pages"}],"about":[{"href":"https:\/\/ardbegembassy.se\/en\/wp-json\/wp\/v2\/types\/page"}],"author":[{"embeddable":true,"href":"https:\/\/ardbegembassy.se\/en\/wp-json\/wp\/v2\/users\/2"}],"replies":[{"embeddable":true,"href":"https:\/\/ardbegembassy.se\/en\/wp-json\/wp\/v2\/comments?post=2579"}],"version-history":[{"count":0,"href":"https:\/\/ardbegembassy.se\/en\/wp-json\/wp\/v2\/pages\/2579\/revisions"}],"wp:attachment":[{"href":"https:\/\/ardbegembassy.se\/en\/wp-json\/wp\/v2\/media?parent=2579"}],"curies":[{"name":"wp","href":"https:\/\/api.w.org\/{rel}","templated":true}]}}