{"id":2669,"date":"2026-04-16T22:06:59","date_gmt":"2026-04-16T20:06:59","guid":{"rendered":"https:\/\/ardbegembassy.se\/?page_id=2669"},"modified":"2026-04-22T22:51:33","modified_gmt":"2026-04-22T20:51:33","slug":"whiskyprovningar","status":"publish","type":"page","link":"https:\/\/ardbegembassy.se\/en\/whiskyprovningar\/","title":{"rendered":"Whiskey tastings"},"content":{"rendered":"\t\t<div data-elementor-type=\"wp-page\" data-elementor-id=\"2669\" class=\"elementor elementor-2669\" data-elementor-post-type=\"page\">\n\t\t\t\t<div class=\"elementor-element elementor-element-78146f40 e-con-full e-flex e-con e-parent\" data-id=\"78146f40\" data-element_type=\"container\" data-e-type=\"container\" data-settings=\"{&quot;background_background&quot;:&quot;classic&quot;}\">\n\t\t<div class=\"elementor-element elementor-element-739103e2 e-con-full e-flex e-con e-child\" data-id=\"739103e2\" data-element_type=\"container\" data-e-type=\"container\">\n\t\t\t\t<div class=\"elementor-element elementor-element-4b6a03d6 elementor-widget elementor-widget-heading\" data-id=\"4b6a03d6\" data-element_type=\"widget\" data-e-type=\"widget\" data-settings=\"{&quot;sticky&quot;:&quot;top&quot;,&quot;sticky_parent&quot;:&quot;yes&quot;,&quot;sticky_on&quot;:[&quot;desktop&quot;,&quot;tablet&quot;,&quot;mobile&quot;],&quot;sticky_offset&quot;:0,&quot;sticky_effects_offset&quot;:0,&quot;sticky_anchor_link_offset&quot;:0}\" data-widget_type=\"heading.default\">\n\t\t\t\t\t<h1 class=\"elementor-heading-title elementor-size-default\">WHISKY PROVNINGAR<\/h1>\t\t\t\t<\/div>\n\t\t<div class=\"elementor-element elementor-element-40c1519b e-con-full e-flex e-con e-child\" data-id=\"40c1519b\" data-element_type=\"container\" data-e-type=\"container\" data-settings=\"{&quot;background_background&quot;:&quot;classic&quot;}\">\n\t\t\t\t<\/div>\n\t\t\t\t<\/div>\n\t\t\t\t<\/div>\n\t\t<div class=\"elementor-element elementor-element-27fd6a1 e-flex e-con-boxed e-con e-parent\" data-id=\"27fd6a1\" data-element_type=\"container\" data-e-type=\"container\">\n\t\t\t\t\t<div class=\"e-con-inner\">\n\t\t\t\t<div class=\"elementor-element elementor-element-a86373d elementor-widget elementor-widget-spacer\" data-id=\"a86373d\" data-element_type=\"widget\" data-e-type=\"widget\" data-widget_type=\"spacer.default\">\n\t\t\t\t\t\t\t<div class=\"elementor-spacer\">\n\t\t\t<div class=\"elementor-spacer-inner\"><\/div>\n\t\t<\/div>\n\t\t\t\t\t\t<\/div>\n\t\t\t\t\t<\/div>\n\t\t\t\t<\/div>\n\t\t<div class=\"elementor-element elementor-element-4fa7eec e-flex e-con-boxed e-con e-parent\" data-id=\"4fa7eec\" data-element_type=\"container\" data-e-type=\"container\">\n\t\t\t\t\t<div class=\"e-con-inner\">\n\t\t\t\t<div class=\"elementor-element elementor-element-b46f409 elementor-position-left elementor-vertical-align-middle elementor-widget elementor-widget-image-box\" data-id=\"b46f409\" data-element_type=\"widget\" data-e-type=\"widget\" data-widget_type=\"image-box.default\">\n\t\t\t\t\t<div class=\"elementor-image-box-wrapper\"><figure class=\"elementor-image-box-img\"><img fetchpriority=\"high\" decoding=\"async\" width=\"1001\" height=\"1269\" src=\"https:\/\/ardbegembassy.se\/wp-content\/uploads\/2022\/06\/SMWS-whiskyprovning-pa\u030a-Ardbeg-embassy.png\" class=\"attachment-2048x2048 size-2048x2048 wp-image-1100\" alt=\"\" srcset=\"https:\/\/ardbegembassy.se\/wp-content\/uploads\/2022\/06\/SMWS-whiskyprovning-pa\u030a-Ardbeg-embassy.png 1001w, https:\/\/ardbegembassy.se\/wp-content\/uploads\/2022\/06\/SMWS-whiskyprovning-pa\u030a-Ardbeg-embassy-347x440.png 347w, https:\/\/ardbegembassy.se\/wp-content\/uploads\/2022\/06\/SMWS-whiskyprovning-pa\u030a-Ardbeg-embassy-947x1200.png 947w, https:\/\/ardbegembassy.se\/wp-content\/uploads\/2022\/06\/SMWS-whiskyprovning-pa\u030a-Ardbeg-embassy-768x974.png 768w\" sizes=\"(max-width: 1001px) 100vw, 1001px\" \/><\/figure><div class=\"elementor-image-box-content\"><h3 class=\"elementor-image-box-title\">Whiskyprovning i Gamla Stan i Stockholm<\/h3><p class=\"elementor-image-box-description\">Med en whiskyprovning i Stockholm hos oss p\u00e5 Ardbeg Embassy kommer dina smakl\u00f6kar garanterat f\u00e5 uppleva en sensation av nya intryck. H\u00e4r l\u00e4mnas ingen ober\u00f6rd och en whiskyprovning \u00e4r den perfekta aktiviteten om du vill tillbringa lite extra kvalitetstid med v\u00e4nner, kunder eller kollegor.\n\n<\/p><\/div><\/div>\t\t\t\t<\/div>\n\t\t\t\t<div class=\"elementor-element elementor-element-0fa74f8 elementor-position-right elementor-vertical-align-middle elementor-widget elementor-widget-image-box\" data-id=\"0fa74f8\" data-element_type=\"widget\" data-e-type=\"widget\" data-widget_type=\"image-box.default\">\n\t\t\t\t\t<div class=\"elementor-image-box-wrapper\"><figure class=\"elementor-image-box-img\"><img decoding=\"async\" width=\"474\" height=\"600\" src=\"https:\/\/ardbegembassy.se\/wp-content\/uploads\/2026\/03\/b90e6cf4a6d953a4ac5ce5c51608e9f5.webp\" class=\"attachment-full size-full wp-image-2627\" alt=\"\" srcset=\"https:\/\/ardbegembassy.se\/wp-content\/uploads\/2026\/03\/b90e6cf4a6d953a4ac5ce5c51608e9f5.webp 474w, https:\/\/ardbegembassy.se\/wp-content\/uploads\/2026\/03\/b90e6cf4a6d953a4ac5ce5c51608e9f5-348x440.webp 348w\" sizes=\"(max-width: 474px) 100vw, 474px\" \/><\/figure><div class=\"elementor-image-box-content\"><p class=\"elementor-image-box-description\">\n\nAlla v\u00e5ra whiskyprovningar h\u00e5lls i restaurangen, i samband med middag och av professionella ambassad\u00f6rer och \u00e4r en mycket uppskattad smakupplevelse som skapar minnen f\u00f6r livet.<\/p><\/div><\/div>\t\t\t\t<\/div>\n\t\t\t\t\t<\/div>\n\t\t\t\t<\/div>\n\t\t<div class=\"elementor-element elementor-element-71a53bc4 e-flex e-con-boxed e-con e-parent\" data-id=\"71a53bc4\" data-element_type=\"container\" data-e-type=\"container\" data-settings=\"{&quot;background_background&quot;:&quot;classic&quot;}\">\n\t\t\t\t\t<div class=\"e-con-inner\">\n\t\t\t\t<div class=\"elementor-element elementor-element-7c6edb77 elementor-widget elementor-widget-spacer\" data-id=\"7c6edb77\" data-element_type=\"widget\" data-e-type=\"widget\" data-widget_type=\"spacer.default\">\n\t\t\t\t\t\t\t<div class=\"elementor-spacer\">\n\t\t\t<div class=\"elementor-spacer-inner\"><\/div>\n\t\t<\/div>\n\t\t\t\t\t\t<\/div>\n\t\t\t\t<div class=\"elementor-element elementor-element-3dbdd977 elementor-widget elementor-widget-heading\" data-id=\"3dbdd977\" data-element_type=\"widget\" data-e-type=\"widget\" data-widget_type=\"heading.default\">\n\t\t\t\t\t<h2 class=\"elementor-heading-title elementor-size-default\">B\u00e5de \u00f6ppna och unikt framtagna provningar<\/h2>\t\t\t\t<\/div>\n\t\t\t\t<div class=\"elementor-element elementor-element-9c5659b elementor-widget-divider--view-line elementor-widget elementor-widget-divider\" data-id=\"9c5659b\" data-element_type=\"widget\" data-e-type=\"widget\" data-widget_type=\"divider.default\">\n\t\t\t\t\t\t\t<div class=\"elementor-divider\">\n\t\t\t<span class=\"elementor-divider-separator\">\n\t\t\t\t\t\t<\/span>\n\t\t<\/div>\n\t\t\t\t\t\t<\/div>\n\t\t\t\t<div class=\"elementor-element elementor-element-46754179 elementor-widget elementor-widget-text-editor\" data-id=\"46754179\" data-element_type=\"widget\" data-e-type=\"widget\" data-widget_type=\"text-editor.default\">\n\t\t\t\t\t\t\t\t\t<p>H\u00e4r p\u00e5 Ardbeg Embassy arrangerar vi regelbundet \u00f6ppna whiskyprovningar d\u00e4r vem som helst kan boka in sig men vi arrangerar \u00e4ven unikt framtagna whiskyprovningar som vi utformar utefter dina specifika \u00f6nskem\u00e5l.<\/p><p>Om du \u00e4r intresserad av en \u00f6ppen whiskyprovning hittar du v\u00e5ra kommande provningar under <a href=\"https:\/\/ardbegembassy.se\/evenemang\/\">evenemang<\/a>.<\/p><p>Vill du arrangera en egen whiskyprovning i Stockholm kan du antingen v\u00e4lja v\u00e5rt f\u00e4rdiga paket eller <a href=\"mailto:info@ardbegembassy.se\">kontakta oss<\/a> om du har n\u00e5gra egna \u00f6nskem\u00e5l.<\/p><h3 class=\"h5\">Whiskyprovning<\/h3><p>Vi har en f\u00f6rel\u00e4sare som \u00e4r p\u00e5 plats endast f\u00f6r er och kostar 2000 kr.<\/p><p>Ni provar 5 sorters whisky a 2 cl. Budget per person f\u00f6r whiskyn \u00e4r fr\u00e5n 500 kr eller efter era \u00f6nskem\u00e5l ifall ni vill ha finare sorter.<\/p><p>Vi ser g\u00e4rna att ni \u00e4ter hos oss efter provningen.<\/p>\t\t\t\t\t\t\t\t<\/div>\n\t\t\t\t\t<\/div>\n\t\t\t\t<\/div>\n\t\t<div class=\"elementor-element elementor-element-1ac8c86 e-con-full e-flex e-con e-parent\" data-id=\"1ac8c86\" data-element_type=\"container\" data-e-type=\"container\" data-settings=\"{&quot;background_background&quot;:&quot;classic&quot;}\">\n\t\t<div class=\"elementor-element elementor-element-309f429b e-con-full e-flex e-con e-child\" data-id=\"309f429b\" data-element_type=\"container\" data-e-type=\"container\">\n\t\t\t\t<div class=\"elementor-element elementor-element-4b8b19ae elementor-widget elementor-widget-google_maps\" data-id=\"4b8b19ae\" data-element_type=\"widget\" data-e-type=\"widget\" data-widget_type=\"google_maps.default\">\n\t\t\t\t\t\t\t<div class=\"elementor-custom-embed\">\n\t\t\t<iframe loading=\"lazy\"\n\t\t\t\t\tsrc=\"https:\/\/maps.google.com\/maps?q=V%C3%A4sterl%C3%A5nggatan%2068&#038;t=m&#038;z=10&#038;output=embed&#038;iwloc=near\"\n\t\t\t\t\ttitle=\"V\u00e4sterl\u00e5nggatan 68\"\n\t\t\t\t\taria-label=\"V\u00e4sterl\u00e5nggatan 68\"\n\t\t\t><\/iframe>\n\t\t<\/div>\n\t\t\t\t\t\t<\/div>\n\t\t\t\t<\/div>\n\t\t<div class=\"elementor-element elementor-element-7e195789 e-con-full e-flex e-con e-child\" data-id=\"7e195789\" data-element_type=\"container\" data-e-type=\"container\">\n\t\t\t\t<div class=\"elementor-element elementor-element-13905ce9 elementor-widget elementor-widget-heading\" data-id=\"13905ce9\" data-element_type=\"widget\" data-e-type=\"widget\" data-widget_type=\"heading.default\">\n\t\t\t\t\t<h5 class=\"elementor-heading-title elementor-size-default\">Directions to<\/h5>\t\t\t\t<\/div>\n\t\t\t\t<div class=\"elementor-element elementor-element-74f88582 elementor-widget elementor-widget-heading\" data-id=\"74f88582\" data-element_type=\"widget\" data-e-type=\"widget\" data-widget_type=\"heading.default\">\n\t\t\t\t\t<h3 class=\"elementor-heading-title elementor-size-default\">hitta oss<\/h3>\t\t\t\t<\/div>\n\t\t\t\t<div class=\"elementor-element elementor-element-ce7877f elementor-widget elementor-widget-text-editor\" data-id=\"ce7877f\" data-element_type=\"widget\" data-e-type=\"widget\" data-widget_type=\"text-editor.default\">\n\t\t\t\t\t\t\t\t\t<p>hitta till oss innan du \u00e5ngrar dig\u00a0<\/p>\t\t\t\t\t\t\t\t<\/div>\n\t\t\t\t<\/div>\n\t\t\t\t<\/div>\n\t\t<div class=\"elementor-element elementor-element-61c545ad e-flex e-con-boxed e-con e-parent\" data-id=\"61c545ad\" data-element_type=\"container\" data-e-type=\"container\" data-settings=\"{&quot;background_background&quot;:&quot;classic&quot;}\">\n\t\t\t\t\t<div class=\"e-con-inner\">\n\t\t\t\t<div class=\"elementor-element elementor-element-2c44b9e1 elementor-widget elementor-widget-spacer\" data-id=\"2c44b9e1\" data-element_type=\"widget\" data-e-type=\"widget\" data-widget_type=\"spacer.default\">\n\t\t\t\t\t\t\t<div class=\"elementor-spacer\">\n\t\t\t<div class=\"elementor-spacer-inner\"><\/div>\n\t\t<\/div>\n\t\t\t\t\t\t<\/div>\n\t\t\t\t\t<\/div>\n\t\t\t\t<\/div>\n\t\t\t\t<\/div>\n\t\t","protected":false},"excerpt":{"rendered":"<p>WHISKY PROVNINGAR Whiskyprovning i Gamla Stan i Stockholm Med en whiskyprovning i Stockholm hos oss p\u00e5 Ardbeg Embassy kommer dina smakl\u00f6kar garanterat f\u00e5 uppleva en sensation av nya intryck. H\u00e4r l\u00e4mnas ingen ober\u00f6rd och en whiskyprovning \u00e4r den perfekta aktiviteten om du vill tillbringa lite extra kvalitetstid med v\u00e4nner, kunder eller kollegor. Alla v\u00e5ra whiskyprovningar [&hellip;]<\/p>\n","protected":false},"author":2,"featured_media":0,"parent":0,"menu_order":0,"comment_status":"closed","ping_status":"closed","template":"","meta":{"_acf_changed":false,"footnotes":""},"class_list":["post-2669","page","type-page","status-publish","hentry"],"acf":[],"yoast_head":"<!-- This site is optimized with the Yoast SEO plugin v27.4 - https:\/\/yoast.com\/product\/yoast-seo-wordpress\/ -->\n<title>Whiskyprovningar - Ardbeg Embassy<\/title>\n<meta name=\"robots\" content=\"index, follow, max-snippet:-1, max-image-preview:large, max-video-preview:-1\" \/>\n<link rel=\"canonical\" href=\"https:\/\/ardbegembassy.se\/en\/whiskyprovningar\/\" \/>\n<meta property=\"og:locale\" content=\"en_GB\" \/>\n<meta property=\"og:type\" content=\"article\" \/>\n<meta property=\"og:title\" content=\"Whiskyprovningar - Ardbeg Embassy\" \/>\n<meta property=\"og:description\" content=\"WHISKY PROVNINGAR Whiskyprovning i Gamla Stan i Stockholm Med en whiskyprovning i Stockholm hos oss p\u00e5 Ardbeg Embassy kommer dina smakl\u00f6kar garanterat f\u00e5 uppleva en sensation av nya intryck. H\u00e4r l\u00e4mnas ingen ober\u00f6rd och en whiskyprovning \u00e4r den perfekta aktiviteten om du vill tillbringa lite extra kvalitetstid med v\u00e4nner, kunder eller kollegor. Alla v\u00e5ra whiskyprovningar [&hellip;]\" \/>\n<meta property=\"og:url\" content=\"https:\/\/ardbegembassy.se\/en\/whiskyprovningar\/\" \/>\n<meta property=\"og:site_name\" content=\"Ardbeg Embassy\" \/>\n<meta property=\"article:publisher\" content=\"https:\/\/www.facebook.com\/ardbegembassy\" \/>\n<meta property=\"article:modified_time\" content=\"2026-04-22T20:51:33+00:00\" \/>\n<meta property=\"og:image\" content=\"https:\/\/ardbegembassy.se\/wp-content\/uploads\/2026\/03\/b90e6cf4a6d953a4ac5ce5c51608e9f5.webp\" \/>\n<meta name=\"twitter:card\" content=\"summary_large_image\" \/>\n<meta name=\"twitter:label1\" content=\"Estimated reading time\" \/>\n\t<meta name=\"twitter:data1\" content=\"1 minute\" \/>\n<script type=\"application\/ld+json\" class=\"yoast-schema-graph\">{\"@context\":\"https:\\\/\\\/schema.org\",\"@graph\":[{\"@type\":\"WebPage\",\"@id\":\"https:\\\/\\\/ardbegembassy.se\\\/whiskyprovningar\\\/\",\"url\":\"https:\\\/\\\/ardbegembassy.se\\\/whiskyprovningar\\\/\",\"name\":\"Whiskyprovningar - Ardbeg Embassy\",\"isPartOf\":{\"@id\":\"https:\\\/\\\/ardbegembassy.se\\\/#website\"},\"primaryImageOfPage\":{\"@id\":\"https:\\\/\\\/ardbegembassy.se\\\/whiskyprovningar\\\/#primaryimage\"},\"image\":{\"@id\":\"https:\\\/\\\/ardbegembassy.se\\\/whiskyprovningar\\\/#primaryimage\"},\"thumbnailUrl\":\"https:\\\/\\\/ardbegembassy.se\\\/wp-content\\\/uploads\\\/2026\\\/03\\\/b90e6cf4a6d953a4ac5ce5c51608e9f5.webp\",\"datePublished\":\"2026-04-16T20:06:59+00:00\",\"dateModified\":\"2026-04-22T20:51:33+00:00\",\"breadcrumb\":{\"@id\":\"https:\\\/\\\/ardbegembassy.se\\\/whiskyprovningar\\\/#breadcrumb\"},\"inLanguage\":\"en-GB\",\"potentialAction\":[{\"@type\":\"ReadAction\",\"target\":[\"https:\\\/\\\/ardbegembassy.se\\\/whiskyprovningar\\\/\"]}]},{\"@type\":\"ImageObject\",\"inLanguage\":\"en-GB\",\"@id\":\"https:\\\/\\\/ardbegembassy.se\\\/whiskyprovningar\\\/#primaryimage\",\"url\":\"https:\\\/\\\/ardbegembassy.se\\\/wp-content\\\/uploads\\\/2026\\\/03\\\/b90e6cf4a6d953a4ac5ce5c51608e9f5.webp\",\"contentUrl\":\"https:\\\/\\\/ardbegembassy.se\\\/wp-content\\\/uploads\\\/2026\\\/03\\\/b90e6cf4a6d953a4ac5ce5c51608e9f5.webp\"},{\"@type\":\"BreadcrumbList\",\"@id\":\"https:\\\/\\\/ardbegembassy.se\\\/whiskyprovningar\\\/#breadcrumb\",\"itemListElement\":[{\"@type\":\"ListItem\",\"position\":1,\"name\":\"Hem\",\"item\":\"https:\\\/\\\/ardbegembassy.se\\\/\"},{\"@type\":\"ListItem\",\"position\":2,\"name\":\"Whiskyprovningar\"}]},{\"@type\":\"WebSite\",\"@id\":\"https:\\\/\\\/ardbegembassy.se\\\/#website\",\"url\":\"https:\\\/\\\/ardbegembassy.se\\\/\",\"name\":\"Ardbeg Embassy\",\"description\":\"Restaurang i Gamla Stan i Stockholm\",\"publisher\":{\"@id\":\"https:\\\/\\\/ardbegembassy.se\\\/#organization\"},\"potentialAction\":[{\"@type\":\"SearchAction\",\"target\":{\"@type\":\"EntryPoint\",\"urlTemplate\":\"https:\\\/\\\/ardbegembassy.se\\\/?s={search_term_string}\"},\"query-input\":{\"@type\":\"PropertyValueSpecification\",\"valueRequired\":true,\"valueName\":\"search_term_string\"}}],\"inLanguage\":\"en-GB\"},{\"@type\":\"Organization\",\"@id\":\"https:\\\/\\\/ardbegembassy.se\\\/#organization\",\"name\":\"Ardbeg Embassy\",\"url\":\"https:\\\/\\\/ardbegembassy.se\\\/\",\"logo\":{\"@type\":\"ImageObject\",\"inLanguage\":\"en-GB\",\"@id\":\"https:\\\/\\\/ardbegembassy.se\\\/#\\\/schema\\\/logo\\\/image\\\/\",\"url\":\"https:\\\/\\\/ardbegembassy.se\\\/wp-content\\\/uploads\\\/2021\\\/05\\\/og-image-1200x630-1.png\",\"contentUrl\":\"https:\\\/\\\/ardbegembassy.se\\\/wp-content\\\/uploads\\\/2021\\\/05\\\/og-image-1200x630-1.png\",\"width\":1200,\"height\":630,\"caption\":\"Ardbeg Embassy\"},\"image\":{\"@id\":\"https:\\\/\\\/ardbegembassy.se\\\/#\\\/schema\\\/logo\\\/image\\\/\"},\"sameAs\":[\"https:\\\/\\\/www.facebook.com\\\/ardbegembassy\",\"https:\\\/\\\/www.instagram.com\\\/ardbegembassy\\\/\"]}]}<\/script>\n<!-- \/ Yoast SEO plugin. -->","yoast_head_json":{"title":"Whiskyprovningar - Ardbeg Embassy","robots":{"index":"index","follow":"follow","max-snippet":"max-snippet:-1","max-image-preview":"max-image-preview:large","max-video-preview":"max-video-preview:-1"},"canonical":"https:\/\/ardbegembassy.se\/en\/whiskyprovningar\/","og_locale":"en_GB","og_type":"article","og_title":"Whiskyprovningar - Ardbeg Embassy","og_description":"WHISKY PROVNINGAR Whiskyprovning i Gamla Stan i Stockholm Med en whiskyprovning i Stockholm hos oss p\u00e5 Ardbeg Embassy kommer dina smakl\u00f6kar garanterat f\u00e5 uppleva en sensation av nya intryck. H\u00e4r l\u00e4mnas ingen ober\u00f6rd och en whiskyprovning \u00e4r den perfekta aktiviteten om du vill tillbringa lite extra kvalitetstid med v\u00e4nner, kunder eller kollegor. Alla v\u00e5ra whiskyprovningar [&hellip;]","og_url":"https:\/\/ardbegembassy.se\/en\/whiskyprovningar\/","og_site_name":"Ardbeg Embassy","article_publisher":"https:\/\/www.facebook.com\/ardbegembassy","article_modified_time":"2026-04-22T20:51:33+00:00","og_image":[{"url":"https:\/\/ardbegembassy.se\/wp-content\/uploads\/2026\/03\/b90e6cf4a6d953a4ac5ce5c51608e9f5.webp","type":"","width":"","height":""}],"twitter_card":"summary_large_image","twitter_misc":{"Estimated reading time":"1 minute"},"schema":{"@context":"https:\/\/schema.org","@graph":[{"@type":"WebPage","@id":"https:\/\/ardbegembassy.se\/whiskyprovningar\/","url":"https:\/\/ardbegembassy.se\/whiskyprovningar\/","name":"Whiskyprovningar - Ardbeg Embassy","isPartOf":{"@id":"https:\/\/ardbegembassy.se\/#website"},"primaryImageOfPage":{"@id":"https:\/\/ardbegembassy.se\/whiskyprovningar\/#primaryimage"},"image":{"@id":"https:\/\/ardbegembassy.se\/whiskyprovningar\/#primaryimage"},"thumbnailUrl":"https:\/\/ardbegembassy.se\/wp-content\/uploads\/2026\/03\/b90e6cf4a6d953a4ac5ce5c51608e9f5.webp","datePublished":"2026-04-16T20:06:59+00:00","dateModified":"2026-04-22T20:51:33+00:00","breadcrumb":{"@id":"https:\/\/ardbegembassy.se\/whiskyprovningar\/#breadcrumb"},"inLanguage":"en-GB","potentialAction":[{"@type":"ReadAction","target":["https:\/\/ardbegembassy.se\/whiskyprovningar\/"]}]},{"@type":"ImageObject","inLanguage":"en-GB","@id":"https:\/\/ardbegembassy.se\/whiskyprovningar\/#primaryimage","url":"https:\/\/ardbegembassy.se\/wp-content\/uploads\/2026\/03\/b90e6cf4a6d953a4ac5ce5c51608e9f5.webp","contentUrl":"https:\/\/ardbegembassy.se\/wp-content\/uploads\/2026\/03\/b90e6cf4a6d953a4ac5ce5c51608e9f5.webp"},{"@type":"BreadcrumbList","@id":"https:\/\/ardbegembassy.se\/whiskyprovningar\/#breadcrumb","itemListElement":[{"@type":"ListItem","position":1,"name":"Hem","item":"https:\/\/ardbegembassy.se\/"},{"@type":"ListItem","position":2,"name":"Whiskyprovningar"}]},{"@type":"WebSite","@id":"https:\/\/ardbegembassy.se\/#website","url":"https:\/\/ardbegembassy.se\/","name":"Ardbeg Embassy","description":"Restaurant in the Old Town of Stockholm","publisher":{"@id":"https:\/\/ardbegembassy.se\/#organization"},"potentialAction":[{"@type":"SearchAction","target":{"@type":"EntryPoint","urlTemplate":"https:\/\/ardbegembassy.se\/?s={search_term_string}"},"query-input":{"@type":"PropertyValueSpecification","valueRequired":true,"valueName":"search_term_string"}}],"inLanguage":"en-GB"},{"@type":"Organization","@id":"https:\/\/ardbegembassy.se\/#organization","name":"Ardbeg Embassy","url":"https:\/\/ardbegembassy.se\/","logo":{"@type":"ImageObject","inLanguage":"en-GB","@id":"https:\/\/ardbegembassy.se\/#\/schema\/logo\/image\/","url":"https:\/\/ardbegembassy.se\/wp-content\/uploads\/2021\/05\/og-image-1200x630-1.png","contentUrl":"https:\/\/ardbegembassy.se\/wp-content\/uploads\/2021\/05\/og-image-1200x630-1.png","width":1200,"height":630,"caption":"Ardbeg Embassy"},"image":{"@id":"https:\/\/ardbegembassy.se\/#\/schema\/logo\/image\/"},"sameAs":["https:\/\/www.facebook.com\/ardbegembassy","https:\/\/www.instagram.com\/ardbegembassy\/"]}]}},"_links":{"self":[{"href":"https:\/\/ardbegembassy.se\/en\/wp-json\/wp\/v2\/pages\/2669","targetHints":{"allow":["GET"]}}],"collection":[{"href":"https:\/\/ardbegembassy.se\/en\/wp-json\/wp\/v2\/pages"}],"about":[{"href":"https:\/\/ardbegembassy.se\/en\/wp-json\/wp\/v2\/types\/page"}],"author":[{"embeddable":true,"href":"https:\/\/ardbegembassy.se\/en\/wp-json\/wp\/v2\/users\/2"}],"replies":[{"embeddable":true,"href":"https:\/\/ardbegembassy.se\/en\/wp-json\/wp\/v2\/comments?post=2669"}],"version-history":[{"count":0,"href":"https:\/\/ardbegembassy.se\/en\/wp-json\/wp\/v2\/pages\/2669\/revisions"}],"wp:attachment":[{"href":"https:\/\/ardbegembassy.se\/en\/wp-json\/wp\/v2\/media?parent=2669"}],"curies":[{"name":"wp","href":"https:\/\/api.w.org\/{rel}","templated":true}]}}